{"id":613,"date":"2023-04-18T13:50:34","date_gmt":"2023-04-18T11:50:34","guid":{"rendered":"https:\/\/lefoudefrais.eduli.fr\/?page_id=613"},"modified":"2023-04-18T13:50:34","modified_gmt":"2023-04-18T11:50:34","slug":"annexes-a-telecharger","status":"publish","type":"page","link":"https:\/\/lefoudefrais.eduli.fr\/index.php\/annexes-a-telecharger\/","title":{"rendered":"Annexes \u00e0 t\u00e9l\u00e9charger"},"content":{"rendered":"\n<div class=\"wp-block-file\"><a id=\"wp-block-file--media-a17226d8-27cb-4cbc-9e4e-4c24d1b5d620\" href=\"https:\/\/lefoudefrais.eduli.fr\/wp-content\/uploads\/2023\/04\/Le-fou-3-1.png\">Logo Fond Blanc<\/a><a href=\"https:\/\/lefoudefrais.eduli.fr\/wp-content\/uploads\/2023\/04\/Le-fou-3-1.png\" class=\"wp-block-file__button wp-element-button\" download aria-describedby=\"wp-block-file--media-a17226d8-27cb-4cbc-9e4e-4c24d1b5d620\">T\u00e9l\u00e9charger<\/a><\/div>\n\n\n\n<div class=\"wp-block-file\"><a id=\"wp-block-file--media-10aaaf74-bd8a-4670-8b05-b8d1680942a6\" href=\"https:\/\/lefoudefrais.eduli.fr\/wp-content\/uploads\/2023\/04\/Le-fou-1.png\">Logo Fond Orange<\/a><a href=\"https:\/\/lefoudefrais.eduli.fr\/wp-content\/uploads\/2023\/04\/Le-fou-1.png\" class=\"wp-block-file__button wp-element-button\" download aria-describedby=\"wp-block-file--media-10aaaf74-bd8a-4670-8b05-b8d1680942a6\">T\u00e9l\u00e9charger<\/a><\/div>\n\n\n\n<div class=\"wp-block-file\"><a id=\"wp-block-file--media-29f458d5-ef36-4518-a381-96c8014b11bb\" href=\"https:\/\/lefoudefrais.eduli.fr\/wp-content\/uploads\/2023\/04\/mobile-shop.png\">Icone du Logo<\/a><a href=\"https:\/\/lefoudefrais.eduli.fr\/wp-content\/uploads\/2023\/04\/mobile-shop.png\" class=\"wp-block-file__button wp-element-button\" download aria-describedby=\"wp-block-file--media-29f458d5-ef36-4518-a381-96c8014b11bb\">T\u00e9l\u00e9charger<\/a><\/div>\n\n\n\n<div class=\"wp-block-file\"><a id=\"wp-block-file--media-1010c5ba-f12c-4af2-9202-b1ef1965c3bf\" href=\"https:\/\/lefoudefrais.eduli.fr\/wp-content\/uploads\/2023\/04\/antique-car-2436018_640-1.jpg\">Photo du Foodtruck<\/a><a href=\"https:\/\/lefoudefrais.eduli.fr\/wp-content\/uploads\/2023\/04\/antique-car-2436018_640-1.jpg\" class=\"wp-block-file__button wp-element-button\" download aria-describedby=\"wp-block-file--media-1010c5ba-f12c-4af2-9202-b1ef1965c3bf\">T\u00e9l\u00e9charger<\/a><\/div>\n\n\n\n<div class=\"wp-block-file\"><a id=\"wp-block-file--media-b0e92c7a-8fb0-4967-bd27-6690d0f71266\" href=\"https:\/\/lefoudefrais.eduli.fr\/wp-content\/uploads\/2023\/04\/antique-car-2534606_640.png\">Photo d\u00e9tour\u00e9e du foodtruck<\/a><a href=\"https:\/\/lefoudefrais.eduli.fr\/wp-content\/uploads\/2023\/04\/antique-car-2534606_640.png\" class=\"wp-block-file__button wp-element-button\" download aria-describedby=\"wp-block-file--media-b0e92c7a-8fb0-4967-bd27-6690d0f71266\">T\u00e9l\u00e9charger<\/a><\/div>\n","protected":false},"excerpt":{"rendered":"","protected":false},"author":1,"featured_media":0,"parent":0,"menu_order":0,"comment_status":"closed","ping_status":"closed","template":"","meta":{"site-sidebar-layout":"default","site-content-layout":"default","ast-global-header-display":"","ast-main-header-display":"","ast-hfb-above-header-display":"","ast-hfb-below-header-display":"","ast-hfb-mobile-header-display":"","site-post-title":"","ast-breadcrumbs-content":"","ast-featured-img":"","footer-sml-layout":"","theme-transparent-header-meta":"","adv-header-id-meta":"","stick-header-meta":"","header-above-stick-meta":"","header-main-stick-meta":"","header-below-stick-meta":""},"_links":{"self":[{"href":"https:\/\/lefoudefrais.eduli.fr\/index.php\/wp-json\/wp\/v2\/pages\/613"}],"collection":[{"href":"https:\/\/lefoudefrais.eduli.fr\/index.php\/wp-json\/wp\/v2\/pages"}],"about":[{"href":"https:\/\/lefoudefrais.eduli.fr\/index.php\/wp-json\/wp\/v2\/types\/page"}],"author":[{"embeddable":true,"href":"https:\/\/lefoudefrais.eduli.fr\/index.php\/wp-json\/wp\/v2\/users\/1"}],"replies":[{"embeddable":true,"href":"https:\/\/lefoudefrais.eduli.fr\/index.php\/wp-json\/wp\/v2\/comments?post=613"}],"version-history":[{"count":1,"href":"https:\/\/lefoudefrais.eduli.fr\/index.php\/wp-json\/wp\/v2\/pages\/613\/revisions"}],"predecessor-version":[{"id":619,"href":"https:\/\/lefoudefrais.eduli.fr\/index.php\/wp-json\/wp\/v2\/pages\/613\/revisions\/619"}],"wp:attachment":[{"href":"https:\/\/lefoudefrais.eduli.fr\/index.php\/wp-json\/wp\/v2\/media?parent=613"}],"curies":[{"name":"wp","href":"https:\/\/api.w.org\/{rel}","templated":true}]}}